{"id":97,"date":"2025-03-13T13:52:06","date_gmt":"2025-03-13T12:52:06","guid":{"rendered":"https:\/\/senioryoga.fr\/?page_id=97"},"modified":"2025-05-12T19:09:51","modified_gmt":"2025-05-12T17:09:51","slug":"histoire","status":"publish","type":"page","link":"https:\/\/senioryoga.fr\/index.php\/histoire\/","title":{"rendered":"Histoire"},"content":{"rendered":"\n<div class=\"wp-block-group alignwide has-global-padding is-layout-constrained wp-block-group-is-layout-constrained\">\n<p>Apres 7 ans pass\u00e9s en Inde et 3 ans au S\u00e9n\u00e9gal, nous nous sommes install\u00e9s \u00e0 Lyon 5 depuis septembre 2024.<\/p>\n\n\n\n<p>Initi\u00e9e au Yoga en Inde puis form\u00e9e en tant que professeure de Yoga RTY 200 chez Bodhi Yoga en 2020, organisme agr\u00e9\u00e9 Yoga Alliance, je pratique le Hatha Yoga qui s&#8217;appuie sur des postures longues et r\u00e9p\u00e9titives accompagn\u00e9es de techniques de respiration profonde.<\/p>\n\n\n\n<p>J&#8217;ai ensuite souhait\u00e9 en 2021 approfondir ma formation par un dipl\u00f4me de Yoga th\u00e9rapie. Cette formation permet de soulager et d&#8217;am\u00e9liorer des points particuliers comme la gestion du stress, les syndromes pr\u00e9menstruels, l&#8217;insomnie, les probl\u00e8mes de digestion&#8230; par une pratique douce et r\u00e9guli\u00e8re. Cette approche place l&#8217;individu et au centre de la pratique.<\/p>\n\n\n\n<figure class=\"wp-block-image aligncenter size-large is-resized\"><img alt=\"\" loading=\"lazy\" decoding=\"async\" width=\"1024\" height=\"854\" src=\"https:\/\/senioryoga.fr\/wp-content\/uploads\/2025\/05\/IMG_5567-1024x854.jpg\" alt=\"\" class=\"wp-image-162\" style=\"width:216px;height:auto\" srcset=\"https:\/\/senioryoga.fr\/wp-content\/uploads\/2025\/05\/IMG_5567-1024x854.jpg 1024w, https:\/\/senioryoga.fr\/wp-content\/uploads\/2025\/05\/IMG_5567-300x250.jpg 300w, https:\/\/senioryoga.fr\/wp-content\/uploads\/2025\/05\/IMG_5567-768x641.jpg 768w, https:\/\/senioryoga.fr\/wp-content\/uploads\/2025\/05\/IMG_5567-1536x1282.jpg 1536w, https:\/\/senioryoga.fr\/wp-content\/uploads\/2025\/05\/IMG_5567-2048x1709.jpg 2048w\" sizes=\"auto, (max-width: 1024px) 100vw, 1024px\" \/><\/figure>\n\n\n\n<p>J&#8217;ai ensuite enseign\u00e9 en cours individuels et en cours en groupe, vous pouvez retrouver certains<a href=\"https:\/\/senioryoga.fr\/index.php\/temoignages\/\" data-type=\"page\" data-id=\"79\"> t\u00e9moignages <\/a>de mes \u00e9l\u00e8ves sur ce site.<\/p>\n\n\n\n<p>Depuis notre retour en France je me suis int\u00e9ress\u00e9e au secteur des Seniors et des EHPAD. Les Seniors ont besoin d&#8217;activit\u00e9s qui entretiennent leur mobilit\u00e9 tout en se concentrant sur le moment pr\u00e9sent (pas dans les souvenirs, pas dans la peur de l&#8217;avenir).<\/p>\n\n\n\n<p>Apr\u00e8s un stage en EHPAD en d\u00e9cembre 2024 et une formation de 50h \u00e0 la GINKO Academy &#8220;Animer des s\u00e9ances de Yoga en EHPAD&#8221;, organisme certifi\u00e9 Canopy et Yoga Alliance, je suis d\u00e9sormais form\u00e9e pour animer des s\u00e9ances de Yoga adapt\u00e9 pour les personnes \u00e2g\u00e9es \u00e0 domicile ou en EHPAD sur Lyon et l&#8217;ouest Lyonnais.<\/p>\n\n\n\n<p>Mon approche place l&#8217;humain au centre de la pratique, je souhaite partager les bienfaits de la relaxation, des techniques et respiration et de mobilit\u00e9 avec nos ain\u00e9s pour leur apporter confort et joie. <\/p>\n\n\n\n<figure class=\"wp-block-image aligncenter size-full is-resized\"><img alt=\"\" loading=\"lazy\" decoding=\"async\" width=\"601\" height=\"955\" src=\"http:\/\/senioryoga.fr\/wp-content\/uploads\/2025\/03\/yoga3-copie-1.jpg\" alt=\"\" class=\"wp-image-101\" style=\"width:158px;height:auto\" srcset=\"https:\/\/senioryoga.fr\/wp-content\/uploads\/2025\/03\/yoga3-copie-1.jpg 601w, https:\/\/senioryoga.fr\/wp-content\/uploads\/2025\/03\/yoga3-copie-1-189x300.jpg 189w\" sizes=\"auto, (max-width: 601px) 100vw, 601px\" \/><\/figure>\n<\/div>\n","protected":false},"excerpt":{"rendered":"<p>Apres 7 ans pass\u00e9s en Inde et 3 ans au S\u00e9n\u00e9gal, nous nous sommes install\u00e9s \u00e0 Lyon 5 depuis septembre 2024. Initi\u00e9e au Yoga en Inde puis form\u00e9e en tant que professeure de Yoga RTY 200 chez Bodhi Yoga en 2020, organisme agr\u00e9\u00e9 Yoga Alliance, je pratique le Hatha Yoga qui s&#8217;appuie sur des postures [&hellip;]<\/p>\n","protected":false},"author":1,"featured_media":0,"parent":0,"menu_order":0,"comment_status":"closed","ping_status":"closed","template":"","meta":{"_seopress_robots_primary_cat":"","_seopress_titles_title":"","_seopress_titles_desc":"","_seopress_robots_index":"","footnotes":""},"class_list":["post-97","page","type-page","status-publish","hentry"],"_links":{"self":[{"href":"https:\/\/senioryoga.fr\/index.php\/wp-json\/wp\/v2\/pages\/97","targetHints":{"allow":["GET"]}}],"collection":[{"href":"https:\/\/senioryoga.fr\/index.php\/wp-json\/wp\/v2\/pages"}],"about":[{"href":"https:\/\/senioryoga.fr\/index.php\/wp-json\/wp\/v2\/types\/page"}],"author":[{"embeddable":true,"href":"https:\/\/senioryoga.fr\/index.php\/wp-json\/wp\/v2\/users\/1"}],"replies":[{"embeddable":true,"href":"https:\/\/senioryoga.fr\/index.php\/wp-json\/wp\/v2\/comments?post=97"}],"version-history":[{"count":4,"href":"https:\/\/senioryoga.fr\/index.php\/wp-json\/wp\/v2\/pages\/97\/revisions"}],"predecessor-version":[{"id":167,"href":"https:\/\/senioryoga.fr\/index.php\/wp-json\/wp\/v2\/pages\/97\/revisions\/167"}],"wp:attachment":[{"href":"https:\/\/senioryoga.fr\/index.php\/wp-json\/wp\/v2\/media?parent=97"}],"curies":[{"name":"wp","href":"https:\/\/api.w.org\/{rel}","templated":true}]}}