{"id":79,"date":"2025-03-13T11:25:21","date_gmt":"2025-03-13T10:25:21","guid":{"rendered":"https:\/\/senioryoga.fr\/?page_id=79"},"modified":"2026-03-25T15:00:43","modified_gmt":"2026-03-25T14:00:43","slug":"temoignages","status":"publish","type":"page","link":"https:\/\/senioryoga.fr\/index.php\/temoignages\/","title":{"rendered":"T\u00e9moignages"},"content":{"rendered":"\n<div class=\"wp-block-group alignfull has-accent-2-background-color has-background has-global-padding is-layout-constrained wp-container-core-group-is-layout-669513ed wp-block-group-is-layout-constrained\" style=\"margin-top:0;margin-bottom:0;padding-top:var(--wp--preset--spacing--50);padding-right:var(--wp--preset--spacing--50);padding-bottom:var(--wp--preset--spacing--50);padding-left:var(--wp--preset--spacing--50)\">\n<div class=\"wp-block-columns alignfull is-layout-flex wp-container-core-columns-is-layout-28f84493 wp-block-columns-is-layout-flex\">\n<div class=\"wp-block-column is-layout-flow wp-block-column-is-layout-flow\" style=\"flex-basis:60%\">\n<p class=\"has-text-align-right has-small-font-size\" style=\"line-height:1.6\"><em>&#8220;J&#8217;ai beaucoup appr\u00e9ci\u00e9 les cours de yoga avec Aline. Ils sont vari\u00e9s et complets tout en \u00e9tant adapt\u00e9s \u00e0 chaque personne. J&#8217;ai particuli\u00e8rement aim\u00e9 le travail de la respiration qui permet de se recentrer sur soi et sur le moment pr\u00e9sent dans le calme. Aline est tr\u00e8s douce et tr\u00e8s \u00e0 l&#8217;\u00e9coute.&#8221;<\/em> Amandine<\/p>\n<\/div>\n<\/div>\n\n\n\n<p><\/p>\n\n\n\n<p><\/p>\n\n\n\n<div class=\"wp-block-group is-nowrap is-layout-flex wp-container-core-group-is-layout-6c531013 wp-block-group-is-layout-flex\">\n<p class=\"has-text-align-left has-small-font-size\">&#8220;<em>J&#8217;ai d\u00e9couvert le yoga avec Aline, ce fut une belle et riche r\u00e9v\u00e9lation. Toute en douceur et \u00e0 l&#8217;\u00e9coute, elle vous guide par la voix et le geste&nbsp; pour vous d\u00e9tendre, dans votre t\u00eate et&nbsp; dans votre corps. Elle s&#8217;assure tout au long de la s\u00e9ance, que l&#8217;attitude est bonne pour vous assouplir et vous muscler progressivement. Travailler sur le corps et l&#8217;esprit, c&#8217;est id\u00e9al pour une femme comme moi, \u00e0 la vie agit\u00e9e et \u00e0 la t\u00eate charg\u00e9e. Rien de mystique l\u00e0-dedans,&nbsp;juste apprendre \u00e0 se d\u00e9tacher des \u00e9v\u00e9nements, \u00e0 respirer, \u00e0 se rel\u00e2cher et \u00e0 bouger correctement,&nbsp; pour un b\u00e9n\u00e9fice immense: notre sant\u00e9 physique et mentale. Merci Aline.<\/em>&#8221; Florence<\/p>\n<\/div>\n<\/div>\n\n\n\n<div class=\"wp-block-group is-nowrap is-layout-flex wp-container-core-group-is-layout-6c531013 wp-block-group-is-layout-flex\">\n<p class=\"has-text-align-center has-small-font-size\" style=\"line-height:1.6\">&#8220;<em>Aline est une praticienne douce, \u00e0 l\u2019\u00e9coute et attentive. Elle sait s\u2019adapter au yogi qu\u2019elle accompagne avec bienveillance. J\u2019ai pratiqu\u00e9 pendant 1 ann\u00e9e le yoga avec elle, ce qui m\u2019a permis de retrouver calme, souplesse et harmonie dans mon corps. Je la recommande chaleureusement. Ses s\u00e9ances de relaxation sont un vrai bonheur.&nbsp;<\/em>&#8221; Emilie<\/p>\n<\/div>\n\n\n\n<div class=\"wp-block-group alignfull has-base-background-color has-background is-content-justification-right is-nowrap is-layout-flex wp-container-core-group-is-layout-5167edf3 wp-block-group-is-layout-flex\" style=\"margin-top:0;margin-bottom:0;padding-top:var(--wp--preset--spacing--50);padding-right:var(--wp--preset--spacing--50);padding-bottom:var(--wp--preset--spacing--50);padding-left:var(--wp--preset--spacing--50)\">\n<div class=\"wp-block-columns alignwide is-layout-flex wp-container-core-columns-is-layout-549b0c86 wp-block-columns-is-layout-flex\">\n<div class=\"wp-block-column is-layout-flow wp-container-core-column-is-layout-119bc444 wp-block-column-is-layout-flow\" style=\"flex-basis:60%\">\n<p class=\"has-text-align-center has-small-font-size\" style=\"line-height:1.5\"><em>&#8220;J&#8217;ai eu le plaisir de suivre les cours d&#8217;Aline et je ne peux que recommander son enseignement. Aline est une professeure de yoga passionn\u00e9e et bienveillante, qui sait s&#8217;adapter aux besoins et au niveau de chacun. Sa connaissance approfondie des techniques de yoga, cr\u00e9ent un espace ou chaque \u00e9l\u00e8ve peut progresser \u00e0 son rythme en toute s\u00e9r\u00e9nit\u00e9. Grace \u00e0 ses conseils pr\u00e9cis et \u00e0 son attention port\u00e9e aux postures et \u00e0 la respiration, j&#8217;ai pu am\u00e9liorer ma pratique et ressentir de r\u00e9els bienfaits, tant physiques que mentaux.<\/em>&#8221; Melissa<\/p>\n<\/div>\n<\/div>\n<\/div>\n\n\n\n<p class=\"has-text-align-center has-large-font-size\">Un yoga d\u00e9di\u00e9 \u00e0 chaque personne non pas dans la performance physique mais dans la reconnexion du corps et de l&#8217;esprit pour v\u00e9ritablement sentir les bienfaits du yoga.<\/p>\n\n\n\n<figure class=\"wp-block-image aligncenter size-full is-resized\"><img alt=\"\" loading=\"lazy\" decoding=\"async\" width=\"1024\" height=\"1024\" src=\"http:\/\/senioryoga.fr\/wp-content\/uploads\/2025\/02\/Senior-Yoga-logo-with-a-younger-style-grey-and-blue-colors-less-detailed-with-a-background-color-of-f9f9f9-2.jpg\" alt=\"\" class=\"wp-image-56\" style=\"width:228px;height:auto\" srcset=\"https:\/\/senioryoga.fr\/wp-content\/uploads\/2025\/02\/Senior-Yoga-logo-with-a-younger-style-grey-and-blue-colors-less-detailed-with-a-background-color-of-f9f9f9-2.jpg 1024w, https:\/\/senioryoga.fr\/wp-content\/uploads\/2025\/02\/Senior-Yoga-logo-with-a-younger-style-grey-and-blue-colors-less-detailed-with-a-background-color-of-f9f9f9-2-300x300.jpg 300w, https:\/\/senioryoga.fr\/wp-content\/uploads\/2025\/02\/Senior-Yoga-logo-with-a-younger-style-grey-and-blue-colors-less-detailed-with-a-background-color-of-f9f9f9-2-150x150.jpg 150w, https:\/\/senioryoga.fr\/wp-content\/uploads\/2025\/02\/Senior-Yoga-logo-with-a-younger-style-grey-and-blue-colors-less-detailed-with-a-background-color-of-f9f9f9-2-768x768.jpg 768w\" sizes=\"auto, (max-width: 1024px) 100vw, 1024px\" \/><\/figure>\n\n\n\n<p><\/p>\n","protected":false},"excerpt":{"rendered":"<p>&#8220;J&#8217;ai beaucoup appr\u00e9ci\u00e9 les cours de yoga avec Aline. Ils sont vari\u00e9s et complets tout en \u00e9tant adapt\u00e9s \u00e0 chaque personne. J&#8217;ai particuli\u00e8rement aim\u00e9 le travail de la respiration qui permet de se recentrer sur soi et sur le moment pr\u00e9sent dans le calme. Aline est tr\u00e8s douce et tr\u00e8s \u00e0 l&#8217;\u00e9coute.&#8221; Amandine &#8220;J&#8217;ai d\u00e9couvert [&hellip;]<\/p>\n","protected":false},"author":1,"featured_media":0,"parent":0,"menu_order":0,"comment_status":"closed","ping_status":"closed","template":"","meta":{"_seopress_robots_primary_cat":"","_seopress_titles_title":"","_seopress_titles_desc":"","_seopress_robots_index":"","footnotes":""},"class_list":["post-79","page","type-page","status-publish","hentry"],"_links":{"self":[{"href":"https:\/\/senioryoga.fr\/index.php\/wp-json\/wp\/v2\/pages\/79","targetHints":{"allow":["GET"]}}],"collection":[{"href":"https:\/\/senioryoga.fr\/index.php\/wp-json\/wp\/v2\/pages"}],"about":[{"href":"https:\/\/senioryoga.fr\/index.php\/wp-json\/wp\/v2\/types\/page"}],"author":[{"embeddable":true,"href":"https:\/\/senioryoga.fr\/index.php\/wp-json\/wp\/v2\/users\/1"}],"replies":[{"embeddable":true,"href":"https:\/\/senioryoga.fr\/index.php\/wp-json\/wp\/v2\/comments?post=79"}],"version-history":[{"count":12,"href":"https:\/\/senioryoga.fr\/index.php\/wp-json\/wp\/v2\/pages\/79\/revisions"}],"predecessor-version":[{"id":220,"href":"https:\/\/senioryoga.fr\/index.php\/wp-json\/wp\/v2\/pages\/79\/revisions\/220"}],"wp:attachment":[{"href":"https:\/\/senioryoga.fr\/index.php\/wp-json\/wp\/v2\/media?parent=79"}],"curies":[{"name":"wp","href":"https:\/\/api.w.org\/{rel}","templated":true}]}}