{"id":122,"date":"2025-03-13T15:03:34","date_gmt":"2025-03-13T14:03:34","guid":{"rendered":"https:\/\/senioryoga.fr\/?page_id=122"},"modified":"2025-03-13T15:31:25","modified_gmt":"2025-03-13T14:31:25","slug":"cours-en-ehpad","status":"publish","type":"page","link":"https:\/\/senioryoga.fr\/index.php\/cours-en-ehpad\/","title":{"rendered":"Cours en EHPAD"},"content":{"rendered":"\n<div class=\"wp-block-group alignfull has-accent-2-background-color has-background has-global-padding is-layout-constrained wp-container-core-group-is-layout-669513ed wp-block-group-is-layout-constrained\" style=\"margin-top:0;margin-bottom:0;padding-top:var(--wp--preset--spacing--50);padding-right:var(--wp--preset--spacing--50);padding-bottom:var(--wp--preset--spacing--50);padding-left:var(--wp--preset--spacing--50)\">\n<div class=\"wp-block-columns alignwide is-layout-flex wp-container-core-columns-is-layout-28f84493 wp-block-columns-is-layout-flex\">\n<div class=\"wp-block-column is-layout-flow wp-block-column-is-layout-flow\" style=\"flex-basis:40%\">\n<p class=\"has-large-font-size wp-container-content-0733e5d0\">Cours collectifs<\/p>\n<\/div>\n\n\n\n<div class=\"wp-block-column is-layout-flow wp-block-column-is-layout-flow\" style=\"flex-basis:60%\">\n<p class=\"has-text-align-center has-large-font-size\" style=\"line-height:1.2\">Cours de 30 \u00e0 45 mn en groupe de 8 \u00e0 10 r\u00e9sidents en salle.<\/p>\n\n\n\n<p>Exercices respiratoires, \u00e9chauffement, travail des articulations, travail des muscles, relaxation<\/p>\n\n\n\n<p><strong>Groupe mobiles :<\/strong> s\u00e9ances assises et debout, utilisation des chaises (dos, assises, accoudoirs) et du mur pour favoriser la stabilit\u00e9 des postures.<\/p>\n\n\n\n<p><strong>Groupes peu ou non mobiles:<\/strong> s\u00e9ances exclusivement assises sur chaises ou fauteuils.<\/p>\n<\/div>\n<\/div>\n<\/div>\n\n\n\n<div class=\"wp-block-group alignfull has-base-background-color has-background has-global-padding is-layout-constrained wp-container-core-group-is-layout-d89aad35 wp-block-group-is-layout-constrained\" style=\"margin-top:0;margin-bottom:0;padding-top:var(--wp--preset--spacing--50);padding-right:var(--wp--preset--spacing--50);padding-bottom:var(--wp--preset--spacing--50);padding-left:var(--wp--preset--spacing--50)\">\n<div class=\"wp-block-columns alignwide is-layout-flex wp-container-core-columns-is-layout-549b0c86 wp-block-columns-is-layout-flex\">\n<div class=\"wp-block-column has-global-padding is-content-justification-left is-layout-constrained wp-container-core-column-is-layout-4f15e8fe wp-block-column-is-layout-constrained\" style=\"flex-basis:40%\">\n<p class=\"has-large-font-size\">Cours Individuels<\/p>\n<\/div>\n\n\n\n<div class=\"wp-block-column is-layout-flow wp-container-core-column-is-layout-119bc444 wp-block-column-is-layout-flow\" style=\"flex-basis:60%\">\n<p class=\"has-text-align-center has-large-font-size\" style=\"line-height:1.2\">Cours 30 \u00e0 45 mn en chambre ou en salle<\/p>\n\n\n\n<p>Exercices respiratoires, \u00e9chauffement, travail des articulations, travail des muscles, relaxation. <\/p>\n\n\n\n<p>Adaptation individualis\u00e9e des exercices en fonction du degr\u00e9 de mobilit\u00e9, des points d&#8217;inconfort, des envies du r\u00e9sident.<\/p>\n\n\n\n<p>Utilisation de support chaise, mur, table&#8230; si besoin<\/p>\n<\/div>\n<\/div>\n<\/div>\n\n\n\n<p class=\"has-text-align-center\">Envie d&#8217;en savoir plus?<\/p>\n\n\n\n<div class=\"wp-block-buttons is-content-justification-center is-layout-flex wp-container-core-buttons-is-layout-a89b3969 wp-block-buttons-is-layout-flex\">\n<div class=\"wp-block-button\"><a class=\"wp-block-button__link wp-element-button\" href=\"https:\/\/senioryoga.fr\/index.php\/contact\/\">CONTACT<\/a><\/div>\n<\/div>\n\n\n\n<figure class=\"wp-block-image aligncenter size-full is-resized\"><img alt=\"\" loading=\"lazy\" decoding=\"async\" width=\"612\" height=\"153\" src=\"http:\/\/senioryoga.fr\/wp-content\/uploads\/2025\/02\/istockphoto-1341126646-612x612-1.jpg\" alt=\"\" class=\"wp-image-36\" style=\"width:620px;height:auto\" srcset=\"https:\/\/senioryoga.fr\/wp-content\/uploads\/2025\/02\/istockphoto-1341126646-612x612-1.jpg 612w, https:\/\/senioryoga.fr\/wp-content\/uploads\/2025\/02\/istockphoto-1341126646-612x612-1-300x75.jpg 300w\" sizes=\"auto, (max-width: 612px) 100vw, 612px\" \/><\/figure>\n","protected":false},"excerpt":{"rendered":"<p>Cours collectifs Cours de 30 \u00e0 45 mn en groupe de 8 \u00e0 10 r\u00e9sidents en salle. Exercices respiratoires, \u00e9chauffement, travail des articulations, travail des muscles, relaxation Groupe mobiles : s\u00e9ances assises et debout, utilisation des chaises (dos, assises, accoudoirs) et du mur pour favoriser la stabilit\u00e9 des postures. Groupes peu ou non mobiles: s\u00e9ances [&hellip;]<\/p>\n","protected":false},"author":1,"featured_media":0,"parent":0,"menu_order":0,"comment_status":"closed","ping_status":"closed","template":"","meta":{"_seopress_robots_primary_cat":"","_seopress_titles_title":"","_seopress_titles_desc":"","_seopress_robots_index":"","footnotes":""},"class_list":["post-122","page","type-page","status-publish","hentry"],"_links":{"self":[{"href":"https:\/\/senioryoga.fr\/index.php\/wp-json\/wp\/v2\/pages\/122","targetHints":{"allow":["GET"]}}],"collection":[{"href":"https:\/\/senioryoga.fr\/index.php\/wp-json\/wp\/v2\/pages"}],"about":[{"href":"https:\/\/senioryoga.fr\/index.php\/wp-json\/wp\/v2\/types\/page"}],"author":[{"embeddable":true,"href":"https:\/\/senioryoga.fr\/index.php\/wp-json\/wp\/v2\/users\/1"}],"replies":[{"embeddable":true,"href":"https:\/\/senioryoga.fr\/index.php\/wp-json\/wp\/v2\/comments?post=122"}],"version-history":[{"count":3,"href":"https:\/\/senioryoga.fr\/index.php\/wp-json\/wp\/v2\/pages\/122\/revisions"}],"predecessor-version":[{"id":141,"href":"https:\/\/senioryoga.fr\/index.php\/wp-json\/wp\/v2\/pages\/122\/revisions\/141"}],"wp:attachment":[{"href":"https:\/\/senioryoga.fr\/index.php\/wp-json\/wp\/v2\/media?parent=122"}],"curies":[{"name":"wp","href":"https:\/\/api.w.org\/{rel}","templated":true}]}}