{"id":117,"date":"2025-03-13T14:43:44","date_gmt":"2025-03-13T13:43:44","guid":{"rendered":"https:\/\/senioryoga.fr\/?page_id=117"},"modified":"2025-03-13T14:43:44","modified_gmt":"2025-03-13T13:43:44","slug":"politique-de-confidentialite","status":"publish","type":"page","link":"https:\/\/senioryoga.fr\/index.php\/politique-de-confidentialite\/","title":{"rendered":"Politique de confidentialit\u00e9"},"content":{"rendered":"\n<div class=\"wp-block-group alignfull has-accent-3-background-color has-background is-vertical is-content-justification-center is-layout-flex wp-container-core-group-is-layout-623b1cb9 wp-block-group-is-layout-flex\" style=\"min-height:100vh;margin-top:0;margin-bottom:0;padding-top:var(--wp--preset--spacing--60);padding-right:var(--wp--preset--spacing--50);padding-bottom:var(--wp--preset--spacing--60);padding-left:var(--wp--preset--spacing--50)\">\n<div class=\"wp-block-group has-global-padding is-layout-constrained wp-block-group-is-layout-constrained\">\n<div class=\"wp-block-buttons is-content-justification-center is-layout-flex wp-container-core-buttons-is-layout-a89b3969 wp-block-buttons-is-layout-flex\">\n<div class=\"wp-block-button\"><a class=\"wp-block-button__link wp-element-button\" href=\"https:\/\/senioryoga.fr\/index.php\/contact\/\">contact<\/a><\/div>\n<\/div>\n<\/div>\n\n\n\n<p><strong>CHARTE SUR LE RESPECT DE LA VIE PRIV\u00c9E<\/strong><\/p>\n\n\n\n<p><strong>Date de derni\u00e8re mise \u00e0 jour : <em>13 mars 2025<\/em><\/strong><\/p>\n\n\n\n<p>La pr\u00e9sente charte sur le respect de la vie priv\u00e9e (la \u00ab <strong>Charte<\/strong> \u00bb) a pour objectif de formaliser notre engagement quant au respect de la vie priv\u00e9e des utilisateurs du site internet&nbsp;<strong><em>www.senioryoga.fr <\/em><\/strong>(le \u00ab&nbsp;<strong>Site&nbsp;<\/strong>\u00bb) exploit\u00e9 par <strong><em>senioryoga.fr autoentreprise.<\/em><\/strong><\/p>\n\n\n\n<p><strong>La Charte et les Conditions G\u00e9n\u00e9rales du Site forment un ensemble contractuel.<\/strong> <strong>Tous les termes en majuscules non-d\u00e9finis dans la pr\u00e9sente Charte sont d\u00e9finis dans les Conditions G\u00e9n\u00e9rales consultables ici&nbsp;:<\/strong><\/p>\n\n\n\n<p>Dans le cadre de la mise \u00e0 disposition de notre Site, nous traitons vos donn\u00e9es \u00e0 caract\u00e8re personnel dans le respect du R\u00e8glement G\u00e9n\u00e9ral sur la Protection des Donn\u00e9es 2016\/679 du 27 avril 2016 (\u00ab RGPD \u00bb) et dans les conditions expos\u00e9es ci-apr\u00e8s.<\/p>\n\n\n\n<p>Une donn\u00e9e \u00e0 caract\u00e8re personnel d\u00e9signe toute information se rapportant \u00e0 une personne physique identifi\u00e9e ou identifiable. Nous collectons et traitons des donn\u00e9es \u00e0 caract\u00e8re personnel dans le cadre de la fourniture de nos Services ou de la communication \u00e0 propose de ces Servicesexclusivement, en stricte conformit\u00e9 avec le RGPD.<\/p>\n\n\n\n<p>Nous collectons uniquement des donn\u00e9es \u00e0 caract\u00e8re personnel ad\u00e9quates, pertinentes et limit\u00e9es \u00e0 ce qui est n\u00e9cessaire au regard des finalit\u00e9s pour lesquelles elles sont trait\u00e9es. Ainsi, il ne vous sera jamais demand\u00e9 de renseigner des donn\u00e9es \u00e0 caract\u00e8re personnel consid\u00e9r\u00e9es comme \u00ab sensibles \u00bb, telles que vos origines raciales ou ethniques, vos opinions politiques, philosophiques ou religieuses.<\/p>\n\n\n\n<p>En vous enregistrant sur le Site, vous nous autorisez \u00e0 traiter vos donn\u00e9es \u00e0 caract\u00e8re personnel conform\u00e9ment \u00e0 la Charte.&nbsp;<strong>Si vous refusez les termes de cette Charte, veuillez vous abstenir d\u2019utiliser le Site ainsi que les Services.<\/strong><\/p>\n\n\n\n<p><strong>1. Dans quels cas collectons-nous vos donn\u00e9es \u00e0 caract\u00e8re personnel et quelles donn\u00e9es sont collect\u00e9es ?<\/strong><\/p>\n\n\n\n<p>Nous sommes susceptibles de recueillir et de conserver vos donn\u00e9es \u00e0 caract\u00e8re personnel, notamment lorsque vous :<\/p>\n\n\n\n<ul class=\"wp-block-list\">\n<li>naviguez sur le Site<\/li>\n\n\n\n<li>nous contactez.<\/li>\n<\/ul>\n\n\n\n<p>Nous utilisons vos donn\u00e9es \u00e0 caract\u00e8re personnel pour permettre la mise en \u0153uvre et la gestion des Services du Site et r\u00e9pondre \u00e0 vos demandes sp\u00e9cifiques. Nous utilisons \u00e9galement vos donn\u00e9es \u00e0 caract\u00e8re personnel dans le but d&#8217;exploiter et d&#8217;am\u00e9liorer nos Services, notre Site et notre d\u00e9marche. Ces informations sont utilis\u00e9es uniquement par nos soins et nous permettent de mieux adapter nos Services \u00e0 vos attentes.<\/p>\n\n\n\n<p>Si vous avez d\u00e9cid\u00e9 de recevoir des courriels et messages de notre part lors de la cr\u00e9ation de votre Compte, vous recevrez alors des messages \u00e9lectroniques et alphanum\u00e9riques portant sur nos produits et promotions. Nous utiliserons alors les donn\u00e9es \u00e0 caract\u00e8re personnel que vous avez fournies lors de votre enregistrement. Vous pouvez vous d\u00e9sabonner de ces envois \u00e0 tout moment.<\/p>\n\n\n\n<p><strong>1.1 Navigation sur le Site<\/strong><\/p>\n\n\n\n<p><strong>Donn\u00e9es de connexion.&nbsp;<\/strong>\u00c0 chaque fois que vous vous connectez \u00e0 notre Site, nous recueillons des donn\u00e9es \u00e0 caract\u00e8re personnel telles que, notamment, votre adresse IP et l\u2019adresse MAC de votre ordinateur, la date et l&#8217;heure de connexion, ainsi que des informations sur le navigateurque vous utilisez.<\/p>\n\n\n\n<p><strong>Donn\u00e9es de navigation.&nbsp;<\/strong>Nous recueillons \u00e9galement les informations permettant d&#8217;identifier de quelle fa\u00e7on vous acc\u00e9dez au Site, quelles sont les pages consult\u00e9es et pendant combien de temps. Dans ce cadre, nous pouvons avoir recours \u00e0 l&#8217;utilisation de Cookies tel que pr\u00e9cis\u00e9 au paragraphe 6 ci-dessous.<\/p>\n\n\n\n<p><strong>1.5&nbsp;Contacts<\/strong><\/p>\n\n\n\n<p>Afin de donner suite aux demandes que vous pourriez effectuer aupr\u00e8s de notre Service Client et de confirmer les informations vous concernant, nous pourrons utiliser vos nom, pr\u00e9nom, adresse de courrier \u00e9lectronique et num\u00e9ro de t\u00e9l\u00e9phone.<\/p>\n\n\n\n<p><strong>2.&nbsp;&nbsp;&nbsp;&nbsp;&nbsp;Comment prot\u00e9geons-nous vos donn\u00e9es \u00e0 caract\u00e8re personnel ?<\/strong><\/p>\n\n\n\n<p>Nous avons mis en place des mesures de s\u00e9curit\u00e9 techniques et organisationnelles en vue de garantir la s\u00e9curit\u00e9, l\u2019int\u00e9grit\u00e9 et la confidentialit\u00e9 de toutes vos donn\u00e9es \u00e0 caract\u00e8re personnel, afin d\u2019emp\u00eacher que celles-ci soient d\u00e9form\u00e9es, endommag\u00e9es ou que des tiers non autoris\u00e9s y aient acc\u00e8s. Nous assurons un niveau de s\u00e9curit\u00e9 appropri\u00e9, compte tenu de l&#8217;\u00e9tat des connaissances, des co\u00fbts de mise en \u0153uvre et de la nature, de la port\u00e9e, du contexte et des finalit\u00e9s du traitement ainsi que des risques et de leur probabilit\u00e9.<\/p>\n\n\n\n<p>Toutefois, il est pr\u00e9cis\u00e9 qu\u2019aucune mesure de s\u00e9curit\u00e9 n\u2019\u00e9tant infaillible, nous ne sommes pas en mesure de garantir une s\u00e9curit\u00e9 absolue \u00e0 vos donn\u00e9es \u00e0 caract\u00e8re personnel.<\/p>\n\n\n\n<p><strong>3. Partage avec les autorit\u00e9s<\/strong><\/p>\n\n\n\n<p>Nous pouvons \u00eatre amen\u00e9 \u00e0 divulguer vos donn\u00e9es \u00e0 caract\u00e8re personnel aux autorit\u00e9s administrative ou judiciaire lorsque leur divulgation est n\u00e9cessaire \u00e0 l&#8217;identification, l&#8217;interpellation ou la poursuite en justice de tout individu susceptible de porter pr\u00e9judice \u00e0 nos droits, de tout autre utilisateur ou d\u2019un tiers. Nous pouvons enfin \u00eatre l\u00e9galement tenu de divulguer vos donn\u00e9es \u00e0 caract\u00e8re personnel et ne pouvons dans ce cas nous y opposer.<\/p>\n\n\n\n<p><strong>4.&nbsp;&nbsp;&nbsp;&nbsp;&nbsp;Combien de temps conservons-nous vos donn\u00e9es \u00e0 caract\u00e8re personnel ?<\/strong><\/p>\n\n\n\n<p>Nous ne conserverons vos donn\u00e9es \u00e0 caract\u00e8re personnel que le temps de votre inscription sur le Site afin d&#8217;assurer votre identification lors de votre connexion \u00e0 votre Compte et de permettre la fourniture des Services.<\/p>\n\n\n\n<p>Ainsi, si vous proc\u00e9dez \u00e0 votre d\u00e9sinscription du Site, vos donn\u00e9es \u00e0 caract\u00e8re personnel seront effac\u00e9es et uniquement conserv\u00e9es sous forme d\u2019archive aux fins d\u2019\u00e9tablissement de la preuve d\u2019un droit ou d\u2019un contrat.<\/p>\n\n\n\n<p>En tout \u00e9tat de cause, nous conserverons vos donn\u00e9es \u00e0 caract\u00e8re personnel pendant une dur\u00e9e n&#8217;exc\u00e9dant pas celle n\u00e9cessaire au regard des finalit\u00e9s pour lesquelles elles sont trait\u00e9es conform\u00e9ment aux utilisations expos\u00e9es dans la pr\u00e9sente Charte et dans le respect des lois et r\u00e8glements.<\/p>\n\n\n\n<p><strong>5.&nbsp;&nbsp;&nbsp;&nbsp;&nbsp;Cookies&nbsp;: comment les utilisons-nous ?<\/strong><\/p>\n\n\n\n<p><strong>5.1&nbsp;&nbsp;&nbsp;&nbsp;&nbsp;&nbsp; Qu\u2019est-ce qu\u2019un cookie ?<\/strong><\/p>\n\n\n\n<p>Un cookie est un fichier texte susceptible d\u2019\u00eatre d\u00e9pos\u00e9 dans un terminal lors de la consultation d\u2019un service en ligne avec un logiciel de navigation. Un fichier cookie permet notamment \u00e0 son \u00e9metteur, pendant sa dur\u00e9e de validit\u00e9, de reconna\u00eetre le terminal concern\u00e9 \u00e0 chaque fois que ce terminal acc\u00e8de \u00e0 un contenu num\u00e9rique comportant des cookies du m\u00eame \u00e9metteur.<\/p>\n\n\n\n<p>En tout \u00e9tat de cause, les cookies d\u00e9pos\u00e9s sur votre terminal de navigation avec votre accord sont d\u00e9truits 13 mois apr\u00e8s leur d\u00e9p\u00f4t sur votre terminal.<\/p>\n\n\n\n<p><strong>5.2&nbsp;&nbsp;&nbsp;&nbsp;&nbsp;&nbsp; A quoi servent les cookies \u00e9mis sur notre Site ?&nbsp;<\/strong><\/p>\n\n\n\n<p>Les cookies que nous \u00e9mettons nous permettent :<\/p>\n\n\n\n<ul class=\"wp-block-list\">\n<li>d&#8217;\u00e9tablir des statistiques et volumes de fr\u00e9quentation et d&#8217;utilisation des divers \u00e9l\u00e9ments composant notre Site (rubriques et contenus visit\u00e9s, parcours), nous permettant d&#8217;am\u00e9liorer l&#8217;int\u00e9r\u00eat et l&#8217;ergonomie du Site et, le cas \u00e9ch\u00e9ant, de nos produits et services\u00a0;<\/li>\n\n\n\n<li>d&#8217;adapter la pr\u00e9sentation de notre Site aux pr\u00e9f\u00e9rences d&#8217;affichage de votre terminal (langue utilis\u00e9e, r\u00e9solution d&#8217;affichage, syst\u00e8me d&#8217;exploitation utilis\u00e9, etc.) lors de vos visites sur notre Site, selon les mat\u00e9riels et les logiciels de visualisation ou de lecture que votre terminal comporte\u00a0;<\/li>\n\n\n\n<li>de m\u00e9moriser des informations relatives \u00e0 un formulaire que vous avez rempli sur notre Site (inscription ou acc\u00e8s \u00e0 votre compte) ou \u00e0 des produits, services ou informations que vous avez choisis sur notre Site (service souscrit, contenu d&#8217;un panier de commande, etc.)\u00a0;<\/li>\n\n\n\n<li>de vous permettre d&#8217;acc\u00e9der \u00e0 des espaces r\u00e9serv\u00e9s et personnels de notre Site, tels que votre Compte, gr\u00e2ce \u00e0 des identifiants ou des donn\u00e9es que vous nous avez \u00e9ventuellement ant\u00e9rieurement confi\u00e9es et de mettre en \u0153uvre des mesures de s\u00e9curit\u00e9, par exemple lorsqu\u2019il vous est demand\u00e9 de vous connecter \u00e0 nouveau \u00e0 un contenu ou \u00e0 un service apr\u00e8s une certain laps de temps.<\/li>\n<\/ul>\n\n\n\n<p>Lors de votre navigation sur le Site, des cookies des r\u00e9seaux sociaux peuvent \u00eatre g\u00e9n\u00e9r\u00e9s notamment par l\u2019interm\u00e9diaire des boutons de partage qui collectent des donn\u00e9es \u00e0 caract\u00e8re personnel.<\/p>\n\n\n\n<p>Lors de votre premi\u00e8re visite sur le Site, un bandeau cookies appara\u00eetra en page d\u2019accueil. Un lien cliquable permet d\u2019en savoir plus sur la finalit\u00e9 et le fonctionnement des cookies et renvoie vers la pr\u00e9sente Charte. La poursuite de la navigation sur une autre page du site ou la s\u00e9lection d\u2019un \u00e9l\u00e9ment du Site (notamment : image, texte, lien, etc.) mat\u00e9rialise votre acceptation au d\u00e9p\u00f4t des cookies vis\u00e9s sur votre ordinateur.<\/p>\n\n\n\n<p><strong>5.3&nbsp;&nbsp;&nbsp;&nbsp;&nbsp;&nbsp; Comment pouvez-vous contr\u00f4ler les cookies utilis\u00e9s ?<\/strong><\/p>\n\n\n\n<p>Conform\u00e9ment \u00e0 la r\u00e9glementation applicable, vous pouvez refuser l\u2019utilisation des cookies qui ne sont pas strictement n\u00e9cessaires.<\/p>\n\n\n\n<p>Par ailleurs, vous pouvez \u00e0 tout moment configurer votre logiciel de navigation de mani\u00e8re \u00e0 ce que des cookies soient enregistr\u00e9s dans votre terminal ou, au contraire, qu&#8217;ils soient rejet\u00e9s (soit syst\u00e9matiquement, soit selon leur \u00e9metteur). Vous pouvez \u00e9galement configurer votre logiciel de navigation de mani\u00e8re \u00e0 ce que l&#8217;acceptation ou le refus des cookies vous soit propos\u00e9 ponctuellement, avant qu&#8217;un cookie puisse \u00eatre enregistr\u00e9 dans votre terminal.&nbsp;<\/p>\n\n\n\n<p><strong>Attention&nbsp;:<\/strong>&nbsp;tout param\u00e9trage est susceptible de modifier votre navigation sur Internet et vos conditions d&#8217;acc\u00e8s \u00e0 certains services n\u00e9cessitant l&#8217;utilisation de cookies. Nous d\u00e9clinons toute responsabilit\u00e9 s\u2019agissant des cons\u00e9quences li\u00e9es au fonctionnement d\u00e9grad\u00e9 de nos services r\u00e9sultant de l&#8217;impossibilit\u00e9 d&#8217;enregistrer ou de consulter les cookies n\u00e9cessaires \u00e0 leur fonctionnement et que vous auriez refus\u00e9s ou supprim\u00e9s. Tel serait le cas si vous tentiez d&#8217;acc\u00e9der \u00e0 nos contenus ou services qui n\u00e9cessitent de vous identifier. Tel serait \u00e9galement le cas lorsque nous (ou nos prestataires) ne pourrions pas reconna\u00eetre, \u00e0 des fins de compatibilit\u00e9 technique, le type de navigateur utilis\u00e9 par votre terminal, ses param\u00e8tres de langue et d&#8217;affichage ou le pays depuis lequel votre terminal semble connect\u00e9 \u00e0 Internet.&nbsp;<\/p>\n\n\n\n<p><strong>5.4&nbsp;&nbsp;&nbsp;&nbsp;&nbsp;&nbsp; Comment configurer votre logiciel de navigation ?&nbsp;<\/strong><\/p>\n\n\n\n<p>Pour la gestion des cookies et de vos choix, la configuration de chaque navigateur est diff\u00e9rente. Elle est d\u00e9crite dans le menu d&#8217;aide de votre navigateur, qui vous permettra de savoir de quelle mani\u00e8re modifier vos souhaits en mati\u00e8re de cookies. Vous trouverez ci-dessous des informations concernant les principaux navigateurs.<\/p>\n\n\n\n<p><strong>Internet Explorer \/ Edge<\/strong><\/p>\n\n\n\n<p>Dans Internet Explorer, cliquez sur le bouton Outils, puis sur Options Internet.<br>Sous l&#8217;onglet G\u00e9n\u00e9ral, sous Historique de navigation, cliquez sur Param\u00e8tres.<br>Cliquez sur le bouton Afficher les fichiers.<\/p>\n\n\n\n<p><strong>Firefox<\/strong><\/p>\n\n\n\n<ul class=\"wp-block-list\">\n<li>Allez dans l&#8217;onglet Outils du navigateur puis s\u00e9lectionnez le menu Options<\/li>\n\n\n\n<li>Dans la fen\u00eatre qui s&#8217;affiche, choisissez Vie priv\u00e9e et cliquez sur Affichez les cookies<\/li>\n<\/ul>\n\n\n\n<p><strong>Safari<\/strong><\/p>\n\n\n\n<ul class=\"wp-block-list\">\n<li>Acc\u00e9dez aux Param\u00e8tres via le menu du navigateur (Safari > Pr\u00e9f\u00e9rences)<\/li>\n\n\n\n<li>Cliquez sur Confidentialit\u00e9.<\/li>\n<\/ul>\n\n\n\n<p><strong>Google Chrome&nbsp;&nbsp;&nbsp;&nbsp;&nbsp;&nbsp;&nbsp;&nbsp;&nbsp;&nbsp;&nbsp;&nbsp;&nbsp;&nbsp;&nbsp;&nbsp;<\/strong><\/p>\n\n\n\n<ul class=\"wp-block-list\">\n<li>Acc\u00e9dez aux Param\u00e8tres via le bouton \u00e0 droite de la barre d\u2019URL ou via le menu du navigateur (Chrome > Pr\u00e9f\u00e9rences).<\/li>\n\n\n\n<li>S\u00e9lectionnez Param\u00e8tres Avanc\u00e9es<\/li>\n\n\n\n<li>Cliquez sur Param\u00e8tres du contenu puis sur Cookies.<\/li>\n<\/ul>\n\n\n\n<p>Pour obtenir plus d\u2019information sur les cookies, vous pouvez&nbsp;<a href=\"https:\/\/www.cnil.fr\/fr\/site-web-cookies-et-autres-traceurs\"><strong>consulter le site internet de la CNIL<\/strong>.<\/a><\/p>\n\n\n\n<p><strong>6.&nbsp;&nbsp;&nbsp;&nbsp;&nbsp;Quels sont vos droits ?<\/strong><\/p>\n\n\n\n<p>Vous \u00eates seuls \u00e0 nous avoir communiqu\u00e9 les donn\u00e9es en notre possession, par l\u2019interm\u00e9diaire du Site. Vous disposez de droits sur vos donn\u00e9es \u00e0 caract\u00e8re personnel. Conform\u00e9ment \u00e0 la r\u00e9glementation en mati\u00e8re de protection des donn\u00e9es \u00e0 caract\u00e8re personnel, notamment les articles 15 \u00e0 22 du RGPD, et apr\u00e8s avoir justifi\u00e9 de votre identit\u00e9, vous avez le droit de nous demander l&#8217;acc\u00e8s aux donn\u00e9es \u00e0 caract\u00e8re personnel vous concernant, la rectification ou l&#8217;effacement de celles-ci.<\/p>\n\n\n\n<p>En outre, dans les limites pos\u00e9es par la loi, vous disposez \u00e9galement du droit de vous opposer au traitement, de le limiter, de d\u00e9cider du sort post-mortem de vos donn\u00e9es, de retirer votre consentement \u00e0 tout moment et du droit \u00e0 la portabilit\u00e9 des donn\u00e9es \u00e0 caract\u00e8re personnel fournies.<\/p>\n\n\n\n<p>Vous pouvez contactez nos Services afin d\u2019exercer vos droits \u00e0 l\u2019adresse \u00e9lectronique suivante <strong>: <em><a href=\"https:\/\/senioryoga.fr\/index.php\/contact\/\" data-type=\"page\" data-id=\"92\">contact<\/a><\/em><\/strong> en joignant \u00e0 votre demande une copie d\u2019un titre d\u2019identit\u00e9.<\/p>\n\n\n\n<p><strong>7.&nbsp;&nbsp;&nbsp;&nbsp;&nbsp;Pouvons-nous modifier la Charte ?<\/strong><\/p>\n\n\n\n<p>Nous nous r\u00e9servons le droit de modifier la Charte \u00e0 tout moment. Il est vous est donc recommand\u00e9 de la consulter r\u00e9guli\u00e8rement. En cas de modification, nous publierons ces changements sur cette page et aux endroits que nous jugerons appropri\u00e9s en fonction de l\u2019objet et de l\u2019importance des changements apport\u00e9s.<\/p>\n\n\n\n<p>Votre utilisation du Site apr\u00e8s toute modification signifie que vous acceptez ces modifications. Si vous n&#8217;acceptez pas certaines modifications substantielles apport\u00e9es \u00e0 la pr\u00e9sente Charte, vous devez arr\u00eater d&#8217;utiliser le Site.<\/p>\n\n\n\n<p><strong>8.&nbsp;&nbsp;&nbsp;&nbsp;&nbsp;D\u00e9l\u00e9gu\u00e9 \u00e0 la Protection des Donn\u00e9es et contact<\/strong><\/p>\n\n\n\n<p>Pour toute question concernant vos donn\u00e9es \u00e0 caract\u00e8re personnel ou si vous souhaitez supprimer votre Compte, merci de nous contacter via le formulaire de <a href=\"https:\/\/senioryoga.fr\/index.php\/contact\/\" data-type=\"page\" data-id=\"92\">contact<\/a><strong><em>.<\/em><\/strong><\/p>\n\n\n\n<p><strong>9. La Commission Nationale de l&#8217;Informatique et des Libert\u00e9s (&#8220;CNIL&#8221;)<\/strong>Nous vous rappelons que vous pouvez contacter la CNIL directement sur le&nbsp;<a href=\"https:\/\/www.cnil.fr\/fr\/agir%20\">site internet de la CNIL<\/a>&nbsp;ou par courrier \u00e0 l\u2019adresse suivante : Commission Nationale de l&#8217;Informatique et des Libert\u00e9s (CNIL), 3 Place de Fontenoy &#8211; TSA 80715, 75334 PARIS CEDEX 07.<\/p>\n\n\n\n<p><\/p>\n<\/div>\n","protected":false},"excerpt":{"rendered":"<p>CHARTE SUR LE RESPECT DE LA VIE PRIV\u00c9E Date de derni\u00e8re mise \u00e0 jour : 13 mars 2025 La pr\u00e9sente charte sur le respect de la vie priv\u00e9e (la \u00ab Charte \u00bb) a pour objectif de formaliser notre engagement quant au respect de la vie priv\u00e9e des utilisateurs du site internet&nbsp;www.senioryoga.fr (le \u00ab&nbsp;Site&nbsp;\u00bb) exploit\u00e9 par [&hellip;]<\/p>\n","protected":false},"author":1,"featured_media":0,"parent":0,"menu_order":0,"comment_status":"closed","ping_status":"closed","template":"","meta":{"_seopress_robots_primary_cat":"","_seopress_titles_title":"","_seopress_titles_desc":"","_seopress_robots_index":"","footnotes":""},"class_list":["post-117","page","type-page","status-publish","hentry"],"_links":{"self":[{"href":"https:\/\/senioryoga.fr\/index.php\/wp-json\/wp\/v2\/pages\/117","targetHints":{"allow":["GET"]}}],"collection":[{"href":"https:\/\/senioryoga.fr\/index.php\/wp-json\/wp\/v2\/pages"}],"about":[{"href":"https:\/\/senioryoga.fr\/index.php\/wp-json\/wp\/v2\/types\/page"}],"author":[{"embeddable":true,"href":"https:\/\/senioryoga.fr\/index.php\/wp-json\/wp\/v2\/users\/1"}],"replies":[{"embeddable":true,"href":"https:\/\/senioryoga.fr\/index.php\/wp-json\/wp\/v2\/comments?post=117"}],"version-history":[{"count":1,"href":"https:\/\/senioryoga.fr\/index.php\/wp-json\/wp\/v2\/pages\/117\/revisions"}],"predecessor-version":[{"id":119,"href":"https:\/\/senioryoga.fr\/index.php\/wp-json\/wp\/v2\/pages\/117\/revisions\/119"}],"wp:attachment":[{"href":"https:\/\/senioryoga.fr\/index.php\/wp-json\/wp\/v2\/media?parent=117"}],"curies":[{"name":"wp","href":"https:\/\/api.w.org\/{rel}","templated":true}]}}